{"id":216,"date":"2025-03-12T12:59:56","date_gmt":"2025-03-12T11:59:56","guid":{"rendered":"https:\/\/mobilia4.4vlab.org\/?page_id=216"},"modified":"2025-03-13T12:56:05","modified_gmt":"2025-03-13T11:56:05","slug":"inicio","status":"publish","type":"page","link":"https:\/\/mobilia4.4vlab.org\/","title":{"rendered":"Inicio"},"content":{"rendered":"\t\t<div data-elementor-type=\"wp-page\" data-elementor-id=\"216\" class=\"elementor elementor-216\">\n\t\t\t\t\t\t<section class=\"elementor-section elementor-top-section elementor-element elementor-element-258139a0 elementor-section-boxed elementor-section-height-default elementor-section-height-default elementor-invisible\" data-id=\"258139a0\" data-element_type=\"section\" data-settings=\"{&quot;background_background&quot;:&quot;classic&quot;,&quot;animation&quot;:&quot;fadeIn&quot;}\">\n\t\t\t\t\t\t<div class=\"elementor-container elementor-column-gap-default\">\n\t\t\t\t\t<div class=\"elementor-column elementor-col-100 elementor-top-column elementor-element elementor-element-7f6d2b9c elementor-invisible\" data-id=\"7f6d2b9c\" data-element_type=\"column\" data-settings=\"{&quot;background_background&quot;:&quot;classic&quot;,&quot;animation&quot;:&quot;fadeInUp&quot;}\">\n\t\t\t<div class=\"elementor-widget-wrap elementor-element-populated\">\n\t\t\t\t\t\t<div class=\"elementor-element elementor-element-56e3da14 elementor-widget elementor-widget-heading\" data-id=\"56e3da14\" data-element_type=\"widget\" data-settings=\"{&quot;_animation&quot;:&quot;none&quot;}\" data-widget_type=\"heading.default\">\n\t\t\t\t<div class=\"elementor-widget-container\">\n\t\t\t\t\t<h1 class=\"elementor-heading-title elementor-size-default\">mobilia topurio<\/h1>\t\t\t\t<\/div>\n\t\t\t\t<\/div>\n\t\t\t\t\t<\/div>\n\t\t<\/div>\n\t\t\t\t\t<\/div>\n\t\t<\/section>\n\t\t\t\t<section class=\"elementor-section elementor-top-section elementor-element elementor-element-7ab898a1 elementor-section-full_width elementor-section-height-default elementor-section-height-default\" data-id=\"7ab898a1\" data-element_type=\"section\" data-settings=\"{&quot;background_background&quot;:&quot;classic&quot;}\">\n\t\t\t\t\t\t<div class=\"elementor-container elementor-column-gap-default\">\n\t\t\t\t\t<div class=\"elementor-column elementor-col-100 elementor-top-column elementor-element elementor-element-49f0159e\" data-id=\"49f0159e\" data-element_type=\"column\" data-settings=\"{&quot;background_background&quot;:&quot;classic&quot;,&quot;animation&quot;:&quot;none&quot;}\">\n\t\t\t<div class=\"elementor-widget-wrap elementor-element-populated\">\n\t\t\t\t\t\t<section class=\"elementor-section elementor-inner-section elementor-element elementor-element-1738939a elementor-section-boxed elementor-section-height-default elementor-section-height-default\" data-id=\"1738939a\" data-element_type=\"section\" data-settings=\"{&quot;animation&quot;:&quot;none&quot;}\">\n\t\t\t\t\t\t<div class=\"elementor-container elementor-column-gap-default\">\n\t\t\t\t\t<div class=\"elementor-column elementor-col-33 elementor-inner-column elementor-element elementor-element-179319fb envato-kit-221-services-block-hover-style elementor-invisible\" data-id=\"179319fb\" data-element_type=\"column\" data-settings=\"{&quot;animation&quot;:&quot;fadeInUp&quot;,&quot;background_background&quot;:&quot;classic&quot;,&quot;animation_mobile&quot;:&quot;fadeIn&quot;}\">\n\t\t\t<div class=\"elementor-widget-wrap elementor-element-populated\">\n\t\t\t\t\t\t<div class=\"elementor-element elementor-element-71387e1f elementor-invisible elementor-widget elementor-widget-image\" data-id=\"71387e1f\" data-element_type=\"widget\" data-settings=\"{&quot;_animation&quot;:&quot;fadeIn&quot;}\" data-widget_type=\"image.default\">\n\t\t\t\t<div class=\"elementor-widget-container\">\n\t\t\t\t\t\t\t\t\t\t\t\t\t\t\t<img decoding=\"async\" src=\"https:\/\/mobilia4.4vlab.org\/wp-content\/uploads\/2025\/03\/crankset-red.png\" title=\"crankset-red.png\" alt=\"crankset-red.png\" loading=\"lazy\" \/>\t\t\t\t\t\t\t\t\t\t\t\t\t\t\t<\/div>\n\t\t\t\t<\/div>\n\t\t\t\t<div class=\"elementor-element elementor-element-29870756 elementor-invisible elementor-widget elementor-widget-heading\" data-id=\"29870756\" data-element_type=\"widget\" data-settings=\"{&quot;_animation&quot;:&quot;fadeIn&quot;}\" data-widget_type=\"heading.default\">\n\t\t\t\t<div class=\"elementor-widget-container\">\n\t\t\t\t\t<h2 class=\"elementor-heading-title elementor-size-default\"><a href=\"#\">misi\u00f3n<\/a><\/h2>\t\t\t\t<\/div>\n\t\t\t\t<\/div>\n\t\t\t\t<div class=\"elementor-element elementor-element-14f852d0 elementor-invisible elementor-widget elementor-widget-text-editor\" data-id=\"14f852d0\" data-element_type=\"widget\" data-settings=\"{&quot;_animation&quot;:&quot;fadeIn&quot;}\" data-widget_type=\"text-editor.default\">\n\t\t\t\t<div class=\"elementor-widget-container\">\n\t\t\t\t\t\t\t\t\t<p><b>Nuestra meta es convertirnos en la empresa pionera en el sector de muebles inteligentes, transformando la idea de mobiliario mediante el uso de tecnolog\u00eda avanzada. Aspiramos a que nuestros productos representen modernidad, personalizaci\u00f3n y sostenibilidad, mejorando la experiencia del usuario en cada espacio.<\/b><\/p>\t\t\t\t\t\t\t\t<\/div>\n\t\t\t\t<\/div>\n\t\t\t\t\t<\/div>\n\t\t<\/div>\n\t\t\t\t<div class=\"elementor-column elementor-col-33 elementor-inner-column elementor-element elementor-element-6be61a7a envato-kit-221-services-block-hover-style elementor-invisible\" data-id=\"6be61a7a\" data-element_type=\"column\" data-settings=\"{&quot;animation&quot;:&quot;fadeInUp&quot;,&quot;animation_delay&quot;:&quot;200&quot;,&quot;background_background&quot;:&quot;classic&quot;,&quot;animation_mobile&quot;:&quot;fadeIn&quot;}\">\n\t\t\t<div class=\"elementor-widget-wrap elementor-element-populated\">\n\t\t\t\t\t\t<div class=\"elementor-element elementor-element-2af48e1f elementor-invisible elementor-widget elementor-widget-image\" data-id=\"2af48e1f\" data-element_type=\"widget\" data-settings=\"{&quot;_animation&quot;:&quot;fadeIn&quot;}\" data-widget_type=\"image.default\">\n\t\t\t\t<div class=\"elementor-widget-container\">\n\t\t\t\t\t\t\t\t\t\t\t\t\t\t\t<img decoding=\"async\" src=\"https:\/\/mobilia4.4vlab.org\/wp-content\/uploads\/2025\/03\/chain-red.png\" title=\"chain-red.png\" alt=\"chain-red.png\" loading=\"lazy\" \/>\t\t\t\t\t\t\t\t\t\t\t\t\t\t\t<\/div>\n\t\t\t\t<\/div>\n\t\t\t\t<div class=\"elementor-element elementor-element-49282f19 elementor-invisible elementor-widget elementor-widget-heading\" data-id=\"49282f19\" data-element_type=\"widget\" data-settings=\"{&quot;_animation&quot;:&quot;fadeIn&quot;}\" data-widget_type=\"heading.default\">\n\t\t\t\t<div class=\"elementor-widget-container\">\n\t\t\t\t\t<h2 class=\"elementor-heading-title elementor-size-default\"><a href=\"#\">visi\u00f3n<\/a><\/h2>\t\t\t\t<\/div>\n\t\t\t\t<\/div>\n\t\t\t\t<div class=\"elementor-element elementor-element-7f0c6104 elementor-widget__width-initial elementor-invisible elementor-widget elementor-widget-text-editor\" data-id=\"7f0c6104\" data-element_type=\"widget\" data-settings=\"{&quot;_animation&quot;:&quot;fadeIn&quot;}\" data-widget_type=\"text-editor.default\">\n\t\t\t\t<div class=\"elementor-widget-container\">\n\t\t\t\t\t\t\t\t\t<p><span>Creamos y vendemos muebles innovadores que integran tecnolog\u00eda y dise\u00f1o para cambiar la forma en que las personas utilizan sus espacios. Buscamos proporcionar soluciones que sean tanto pr\u00e1cticas como atractivas, mejorando la comodidad, la conectividad y la eficiencia en hogares, oficinas y \u00e1reas al aire libre.<\/span><\/p>\t\t\t\t\t\t\t\t<\/div>\n\t\t\t\t<\/div>\n\t\t\t\t\t<\/div>\n\t\t<\/div>\n\t\t\t\t<div class=\"elementor-column elementor-col-33 elementor-inner-column elementor-element elementor-element-4f3947b7 envato-kit-221-services-block-hover-style elementor-invisible\" data-id=\"4f3947b7\" data-element_type=\"column\" data-settings=\"{&quot;animation&quot;:&quot;fadeInUp&quot;,&quot;animation_delay&quot;:&quot;600&quot;,&quot;background_background&quot;:&quot;classic&quot;,&quot;animation_mobile&quot;:&quot;fadeIn&quot;}\">\n\t\t\t<div class=\"elementor-widget-wrap elementor-element-populated\">\n\t\t\t\t\t\t<div class=\"elementor-element elementor-element-43764dc2 elementor-invisible elementor-widget elementor-widget-image\" data-id=\"43764dc2\" data-element_type=\"widget\" data-settings=\"{&quot;_animation&quot;:&quot;fadeIn&quot;}\" data-widget_type=\"image.default\">\n\t\t\t\t<div class=\"elementor-widget-container\">\n\t\t\t\t\t\t\t\t\t\t\t\t\t\t\t<img decoding=\"async\" src=\"https:\/\/mobilia4.4vlab.org\/wp-content\/uploads\/2025\/03\/gear-red.png\" title=\"gear-red.png\" alt=\"gear-red.png\" loading=\"lazy\" \/>\t\t\t\t\t\t\t\t\t\t\t\t\t\t\t<\/div>\n\t\t\t\t<\/div>\n\t\t\t\t<div class=\"elementor-element elementor-element-18f334be elementor-invisible elementor-widget elementor-widget-heading\" data-id=\"18f334be\" data-element_type=\"widget\" data-settings=\"{&quot;_animation&quot;:&quot;fadeIn&quot;}\" data-widget_type=\"heading.default\">\n\t\t\t\t<div class=\"elementor-widget-container\">\n\t\t\t\t\t<h2 class=\"elementor-heading-title elementor-size-default\"><a href=\"#\">Valores<\/a><\/h2>\t\t\t\t<\/div>\n\t\t\t\t<\/div>\n\t\t\t\t<div class=\"elementor-element elementor-element-5a075ef2 elementor-widget__width-initial elementor-invisible elementor-widget elementor-widget-text-editor\" data-id=\"5a075ef2\" data-element_type=\"widget\" data-settings=\"{&quot;_animation&quot;:&quot;fadeIn&quot;}\" data-widget_type=\"text-editor.default\">\n\t\t\t\t<div class=\"elementor-widget-container\">\n\t\t\t\t\t\t\t\t\t<ol><li><strong>Innovaci\u00f3n<\/strong>: Fomentamos la creatividad y soluciones tecnol\u00f3gicas.<\/li><li><strong>Calidad<\/strong>: Compromiso con productos de alta calidad y dise\u00f1o.<\/li><li><strong>Orientaci\u00f3n al Cliente<\/strong>: Escuchamos y satisfacemos las necesidades del cliente.<\/li><li><strong>Sostenibilidad<\/strong>: Promovemos pr\u00e1cticas responsables y materiales sostenibles.<\/li><li><strong>Colaboraci\u00f3n<\/strong>: Trabajamos en equipo, valorando cada contribuci\u00f3n.<\/li><li><strong>Adaptabilidad<\/strong>: Nos ajustamos a las tendencias y cambios del mercado.<\/li><li><strong>Responsabilidad Social<\/strong>: Impacto positivo en nuestras comunidades.<\/li><\/ol>\t\t\t\t\t\t\t\t<\/div>\n\t\t\t\t<\/div>\n\t\t\t\t\t<\/div>\n\t\t<\/div>\n\t\t\t\t\t<\/div>\n\t\t<\/section>\n\t\t\t\t\t<\/div>\n\t\t<\/div>\n\t\t\t\t\t<\/div>\n\t\t<\/section>\n\t\t\t\t<section class=\"elementor-section elementor-top-section elementor-element elementor-element-4807d322 elementor-section-boxed elementor-section-height-default elementor-section-height-default elementor-invisible\" data-id=\"4807d322\" data-element_type=\"section\" data-settings=\"{&quot;background_background&quot;:&quot;classic&quot;,&quot;animation&quot;:&quot;fadeIn&quot;}\">\n\t\t\t\t\t\t<div class=\"elementor-container elementor-column-gap-default\">\n\t\t\t\t\t<div class=\"elementor-column elementor-col-100 elementor-top-column elementor-element elementor-element-6d113d49\" data-id=\"6d113d49\" data-element_type=\"column\">\n\t\t\t<div class=\"elementor-widget-wrap elementor-element-populated\">\n\t\t\t\t\t\t<div class=\"elementor-element elementor-element-49db8fb elementor-widget elementor-widget-text-editor\" data-id=\"49db8fb\" data-element_type=\"widget\" data-widget_type=\"text-editor.default\">\n\t\t\t\t<div class=\"elementor-widget-container\">\n\t\t\t\t\t\t\t\t\t<p><span id=\"docs-internal-guid-c15efb4a-7fff-1cea-f157-90c2b1cbe38d\"><span style=\"font-size: 11pt; font-family: Arial, sans-serif; color: #000000; background-color: transparent; font-variant-numeric: normal; font-variant-east-asian: normal; font-variant-alternates: normal; font-variant-position: normal; font-variant-emoji: normal; vertical-align: baseline; white-space-collapse: preserve;\">Este<\/span><\/span><em style=\"color: #666666; font-family: 'Open Sans', sans-serif;\"><span id=\"docs-internal-guid-c15efb4a-7fff-1cea-f157-90c2b1cbe38d\"><span style=\"font-size: 11pt; font-family: Arial, sans-serif; color: #000000; background-color: transparent; font-variant-numeric: normal; font-variant-east-asian: normal; font-variant-alternates: normal; font-variant-position: normal; font-variant-emoji: normal; vertical-align: baseline; white-space-collapse: preserve;\"> mobiliario combina un dise\u00f1o moderno y funcional con tecnolog\u00eda avanzada y materiales ecol\u00f3gicos. Hechos de madera reciclada y bamb\u00fa sostenible, cuentan con estaciones de carga inal\u00e1mbrica para dispositivos m\u00f3viles y sensores que ajustan autom\u00e1ticamente la altura para mejorar la comodidad<\/span><\/span><\/em><\/p>\t\t\t\t\t\t\t\t<\/div>\n\t\t\t\t<\/div>\n\t\t\t\t<section class=\"elementor-section elementor-inner-section elementor-element elementor-element-779678f elementor-section-boxed elementor-section-height-default elementor-section-height-default\" data-id=\"779678f\" data-element_type=\"section\">\n\t\t\t\t\t\t<div class=\"elementor-container elementor-column-gap-default\">\n\t\t\t\t\t<div class=\"elementor-column elementor-col-50 elementor-inner-column elementor-element elementor-element-95a3b6a\" data-id=\"95a3b6a\" data-element_type=\"column\">\n\t\t\t<div class=\"elementor-widget-wrap elementor-element-populated\">\n\t\t\t\t\t\t<div class=\"elementor-element elementor-element-6706b8d7 elementor-invisible elementor-widget elementor-widget-image\" data-id=\"6706b8d7\" data-element_type=\"widget\" data-settings=\"{&quot;_animation&quot;:&quot;fadeInLeft&quot;,&quot;_animation_tablet&quot;:&quot;fadeIn&quot;}\" data-widget_type=\"image.default\">\n\t\t\t\t<div class=\"elementor-widget-container\">\n\t\t\t\t\t\t\t\t\t\t\t\t\t\t\t\t<a href=\"http:\/\/mobilia4.4vlab.org\/wp-content\/uploads\/2025\/03\/Intelligent-Desks-with-wireless-charging-automatic-height-adjustments-transparent-screens-and-integrated-virtual-assistants.jpg\" data-elementor-open-lightbox=\"yes\" data-elementor-lightbox-title=\"Intelligent Desks with wireless charging, automatic height adjustments, transparent screens, and integrated virtual assistants\" data-e-action-hash=\"#elementor-action%3Aaction%3Dlightbox%26settings%3DeyJpZCI6ODIsInVybCI6Imh0dHBzOlwvXC9tb2JpbGlhNC40dmxhYi5vcmdcL3dwLWNvbnRlbnRcL3VwbG9hZHNcLzIwMjVcLzAzXC9JbnRlbGxpZ2VudC1EZXNrcy13aXRoLXdpcmVsZXNzLWNoYXJnaW5nLWF1dG9tYXRpYy1oZWlnaHQtYWRqdXN0bWVudHMtdHJhbnNwYXJlbnQtc2NyZWVucy1hbmQtaW50ZWdyYXRlZC12aXJ0dWFsLWFzc2lzdGFudHMuanBnIn0%3D\">\n\t\t\t\t\t\t\t<img decoding=\"async\" src=\"https:\/\/mobilia4.4vlab.org\/wp-content\/uploads\/2025\/03\/Intelligent-Desks-with-wireless-charging-automatic-height-adjustments-transparent-screens-and-integrated-virtual-assistants.jpg\" title=\"Intelligent Desks with wireless charging, automatic height adjustments, transparent screens, and integrated virtual assistants\" alt=\"Intelligent Desks with wireless charging, automatic height adjustments, transparent screens, and integrated virtual assistants\" class=\"elementor-animation-float\" loading=\"lazy\" \/>\t\t\t\t\t\t\t\t<\/a>\n\t\t\t\t\t\t\t\t\t\t\t\t\t\t\t<\/div>\n\t\t\t\t<\/div>\n\t\t\t\t\t<\/div>\n\t\t<\/div>\n\t\t\t\t<div class=\"elementor-column elementor-col-50 elementor-inner-column elementor-element elementor-element-3d807da\" data-id=\"3d807da\" data-element_type=\"column\">\n\t\t\t<div class=\"elementor-widget-wrap elementor-element-populated\">\n\t\t\t\t\t\t<div class=\"elementor-element elementor-element-47637a26 elementor-invisible elementor-widget elementor-widget-image\" data-id=\"47637a26\" data-element_type=\"widget\" data-settings=\"{&quot;_animation&quot;:&quot;fadeInRight&quot;,&quot;_animation_tablet&quot;:&quot;fadeIn&quot;}\" data-widget_type=\"image.default\">\n\t\t\t\t<div class=\"elementor-widget-container\">\n\t\t\t\t\t\t\t\t\t\t\t\t\t\t\t\t<a href=\"http:\/\/mobilia4.4vlab.org\/wp-content\/uploads\/2025\/03\/Sillas-y-bancos-con-IA-\u2013-Ajuste-ergonomico-automatico-segun-la-postura-del-usuario-calentamiento-o-enfriamiento-de-superficie-y-sensores-de-bienestar.jpg\" data-elementor-open-lightbox=\"yes\" data-elementor-lightbox-title=\"Sillas y bancos con IA \u2013 Ajuste ergon\u00f3mico autom\u00e1tico seg\u00fan la postura del usuario, calentamiento o enfriamiento de superficie y sensores de bienestar\" data-e-action-hash=\"#elementor-action%3Aaction%3Dlightbox%26settings%3DeyJpZCI6NzQsInVybCI6Imh0dHBzOlwvXC9tb2JpbGlhNC40dmxhYi5vcmdcL3dwLWNvbnRlbnRcL3VwbG9hZHNcLzIwMjVcLzAzXC9TaWxsYXMteS1iYW5jb3MtY29uLUlBLVx1MjAxMy1BanVzdGUtZXJnb25vbWljby1hdXRvbWF0aWNvLXNlZ3VuLWxhLXBvc3R1cmEtZGVsLXVzdWFyaW8tY2FsZW50YW1pZW50by1vLWVuZnJpYW1pZW50by1kZS1zdXBlcmZpY2llLXktc2Vuc29yZXMtZGUtYmllbmVzdGFyLmpwZyJ9\">\n\t\t\t\t\t\t\t<img decoding=\"async\" src=\"https:\/\/mobilia4.4vlab.org\/wp-content\/uploads\/2025\/03\/Sillas-y-bancos-con-IA-\u2013-Ajuste-ergonomico-automatico-segun-la-postura-del-usuario-calentamiento-o-enfriamiento-de-superficie-y-sensores-de-bienestar.jpg\" title=\"Sillas y bancos con IA \u2013 Ajuste ergon\u00f3mico autom\u00e1tico seg\u00fan la postura del usuario, calentamiento o enfriamiento de superficie y sensores de bienestar\" alt=\"Sillas y bancos con IA \u2013 Ajuste ergon\u00f3mico autom\u00e1tico seg\u00fan la postura del usuario, calentamiento o enfriamiento de superficie y sensores de bienestar\" class=\"elementor-animation-float\" loading=\"lazy\" \/>\t\t\t\t\t\t\t\t<\/a>\n\t\t\t\t\t\t\t\t\t\t\t\t\t\t\t<\/div>\n\t\t\t\t<\/div>\n\t\t\t\t\t<\/div>\n\t\t<\/div>\n\t\t\t\t\t<\/div>\n\t\t<\/section>\n\t\t\t\t<section class=\"elementor-section elementor-inner-section elementor-element elementor-element-5cca6c5a elementor-section-boxed elementor-section-height-default elementor-section-height-default\" data-id=\"5cca6c5a\" data-element_type=\"section\">\n\t\t\t\t\t\t<div class=\"elementor-container elementor-column-gap-default\">\n\t\t\t\t\t<div class=\"elementor-column elementor-col-50 elementor-inner-column elementor-element elementor-element-106c3c5f\" data-id=\"106c3c5f\" data-element_type=\"column\">\n\t\t\t<div class=\"elementor-widget-wrap elementor-element-populated\">\n\t\t\t\t\t\t<div class=\"elementor-element elementor-element-7da1c3a elementor-invisible elementor-widget elementor-widget-image\" data-id=\"7da1c3a\" data-element_type=\"widget\" data-settings=\"{&quot;_animation&quot;:&quot;fadeInLeft&quot;,&quot;_animation_tablet&quot;:&quot;fadeIn&quot;}\" data-widget_type=\"image.default\">\n\t\t\t\t<div class=\"elementor-widget-container\">\n\t\t\t\t\t\t\t\t\t\t\t\t\t\t\t\t<a href=\"http:\/\/mobilia4.4vlab.org\/wp-content\/uploads\/2025\/03\/Mesas-de-Comedor-Holograficas-\u2013-Superficies-interactivas-con-pantallas-tactiles-para-ver-recetas-controlar-dispositivos-del-hogar-y-hasta-proyectar-hologramas-1.jpg\" data-elementor-open-lightbox=\"yes\" data-elementor-lightbox-title=\"Mesas de Comedor Hologr\u00e1ficas \u2013 Superficies interactivas con pantallas t\u00e1ctiles para ver recetas, controlar dispositivos del hogar y hasta proyectar hologramas (1)\" data-e-action-hash=\"#elementor-action%3Aaction%3Dlightbox%26settings%3DeyJpZCI6NzMsInVybCI6Imh0dHBzOlwvXC9tb2JpbGlhNC40dmxhYi5vcmdcL3dwLWNvbnRlbnRcL3VwbG9hZHNcLzIwMjVcLzAzXC9NZXNhcy1kZS1Db21lZG9yLUhvbG9ncmFmaWNhcy1cdTIwMTMtU3VwZXJmaWNpZXMtaW50ZXJhY3RpdmFzLWNvbi1wYW50YWxsYXMtdGFjdGlsZXMtcGFyYS12ZXItcmVjZXRhcy1jb250cm9sYXItZGlzcG9zaXRpdm9zLWRlbC1ob2dhci15LWhhc3RhLXByb3llY3Rhci1ob2xvZ3JhbWFzLTEuanBnIn0%3D\">\n\t\t\t\t\t\t\t<img decoding=\"async\" src=\"https:\/\/mobilia4.4vlab.org\/wp-content\/uploads\/2025\/03\/Mesas-de-Comedor-Holograficas-\u2013-Superficies-interactivas-con-pantallas-tactiles-para-ver-recetas-controlar-dispositivos-del-hogar-y-hasta-proyectar-hologramas-1.jpg\" title=\"Mesas de Comedor Hologr\u00e1ficas \u2013 Superficies interactivas con pantallas t\u00e1ctiles para ver recetas, controlar dispositivos del hogar y hasta proyectar hologramas (1)\" alt=\"Mesas de Comedor Hologr\u00e1ficas \u2013 Superficies interactivas con pantallas t\u00e1ctiles para ver recetas, controlar dispositivos del hogar y hasta proyectar hologramas (1)\" class=\"elementor-animation-float\" loading=\"lazy\" \/>\t\t\t\t\t\t\t\t<\/a>\n\t\t\t\t\t\t\t\t\t\t\t\t\t\t\t<\/div>\n\t\t\t\t<\/div>\n\t\t\t\t\t<\/div>\n\t\t<\/div>\n\t\t\t\t<div class=\"elementor-column elementor-col-50 elementor-inner-column elementor-element elementor-element-199d0cd7\" data-id=\"199d0cd7\" data-element_type=\"column\">\n\t\t\t<div class=\"elementor-widget-wrap elementor-element-populated\">\n\t\t\t\t\t\t<div class=\"elementor-element elementor-element-98749d2 elementor-invisible elementor-widget elementor-widget-image\" data-id=\"98749d2\" data-element_type=\"widget\" data-settings=\"{&quot;_animation&quot;:&quot;fadeInRight&quot;,&quot;_animation_tablet&quot;:&quot;fadeIn&quot;}\" data-widget_type=\"image.default\">\n\t\t\t\t<div class=\"elementor-widget-container\">\n\t\t\t\t\t\t\t\t\t\t\t\t\t\t\t\t<a href=\"http:\/\/mobilia4.4vlab.org\/wp-content\/uploads\/2025\/03\/topurio.png\" data-elementor-open-lightbox=\"yes\" data-elementor-lightbox-title=\"topurio\" data-e-action-hash=\"#elementor-action%3Aaction%3Dlightbox%26settings%3DeyJpZCI6MjIsInVybCI6Imh0dHBzOlwvXC9tb2JpbGlhNC40dmxhYi5vcmdcL3dwLWNvbnRlbnRcL3VwbG9hZHNcLzIwMjVcLzAzXC90b3B1cmlvLnBuZyJ9\">\n\t\t\t\t\t\t\t<img decoding=\"async\" src=\"https:\/\/mobilia4.4vlab.org\/wp-content\/uploads\/2025\/03\/topurio.png\" title=\"topurio\" alt=\"topurio\" class=\"elementor-animation-float\" loading=\"lazy\" \/>\t\t\t\t\t\t\t\t<\/a>\n\t\t\t\t\t\t\t\t\t\t\t\t\t\t\t<\/div>\n\t\t\t\t<\/div>\n\t\t\t\t\t<\/div>\n\t\t<\/div>\n\t\t\t\t\t<\/div>\n\t\t<\/section>\n\t\t\t\t\t<\/div>\n\t\t<\/div>\n\t\t\t\t\t<\/div>\n\t\t<\/section>\n\t\t\t\t<section class=\"elementor-section elementor-top-section elementor-element elementor-element-2f86a2e7 elementor-section-boxed elementor-section-height-default elementor-section-height-default elementor-invisible\" data-id=\"2f86a2e7\" data-element_type=\"section\" data-settings=\"{&quot;background_background&quot;:&quot;classic&quot;,&quot;animation&quot;:&quot;fadeIn&quot;}\">\n\t\t\t\t\t\t\t<div class=\"elementor-background-overlay\"><\/div>\n\t\t\t\t\t\t\t<div class=\"elementor-container elementor-column-gap-default\">\n\t\t\t\t\t<div class=\"elementor-column elementor-col-100 elementor-top-column elementor-element elementor-element-5aa30c14\" data-id=\"5aa30c14\" data-element_type=\"column\">\n\t\t\t<div class=\"elementor-widget-wrap elementor-element-populated\">\n\t\t\t\t\t\t<div class=\"elementor-element elementor-element-94b85b1 elementor-widget__width-initial elementor-widget elementor-widget-image\" data-id=\"94b85b1\" data-element_type=\"widget\" data-widget_type=\"image.default\">\n\t\t\t\t<div class=\"elementor-widget-container\">\n\t\t\t\t\t\t\t\t\t\t\t\t\t\t\t<img fetchpriority=\"high\" decoding=\"async\" width=\"576\" height=\"448\" src=\"https:\/\/mobilia4.4vlab.org\/wp-content\/uploads\/2025\/03\/Firefly-pon-exactamente-la-misma-imagen-que-esta-puesta-en-el-referencia-28555-1.jpg\" class=\"attachment-large size-large wp-image-253\" alt=\"\" srcset=\"https:\/\/mobilia4.4vlab.org\/wp-content\/uploads\/2025\/03\/Firefly-pon-exactamente-la-misma-imagen-que-esta-puesta-en-el-referencia-28555-1.jpg 576w, https:\/\/mobilia4.4vlab.org\/wp-content\/uploads\/2025\/03\/Firefly-pon-exactamente-la-misma-imagen-que-esta-puesta-en-el-referencia-28555-1-300x233.jpg 300w\" sizes=\"(max-width: 576px) 100vw, 576px\" \/>\t\t\t\t\t\t\t\t\t\t\t\t\t\t\t<\/div>\n\t\t\t\t<\/div>\n\t\t\t\t<section class=\"elementor-section elementor-inner-section elementor-element elementor-element-32fbc19 elementor-section-boxed elementor-section-height-default elementor-section-height-default\" data-id=\"32fbc19\" data-element_type=\"section\">\n\t\t\t\t\t\t<div class=\"elementor-container elementor-column-gap-default\">\n\t\t\t\t\t<div class=\"elementor-column elementor-col-100 elementor-inner-column elementor-element elementor-element-25297c91\" data-id=\"25297c91\" data-element_type=\"column\">\n\t\t\t<div class=\"elementor-widget-wrap elementor-element-populated\">\n\t\t\t\t\t\t<div class=\"elementor-element elementor-element-183e1f13 elementor-invisible elementor-widget elementor-widget-heading\" data-id=\"183e1f13\" data-element_type=\"widget\" data-settings=\"{&quot;_animation&quot;:&quot;fadeInUp&quot;}\" data-widget_type=\"heading.default\">\n\t\t\t\t<div class=\"elementor-widget-container\">\n\t\t\t\t\t<h2 class=\"elementor-heading-title elementor-size-default\">nuestro equipo<\/h2>\t\t\t\t<\/div>\n\t\t\t\t<\/div>\n\t\t\t\t\t<\/div>\n\t\t<\/div>\n\t\t\t\t\t<\/div>\n\t\t<\/section>\n\t\t\t\t<div class=\"elementor-element elementor-element-40eb6e53 elementor-invisible elementor-widget elementor-widget-text-editor\" data-id=\"40eb6e53\" data-element_type=\"widget\" data-settings=\"{&quot;_animation&quot;:&quot;fadeInUp&quot;,&quot;_animation_delay&quot;:&quot;200&quot;}\" data-widget_type=\"text-editor.default\">\n\t\t\t\t<div class=\"elementor-widget-container\">\n\t\t\t\t\t\t\t\t\t<p><span style=\"color: #000000; font-family: 'Open Sans', sans-serif; font-size: 15px; font-style: italic; white-space-collapse: preserve;\">Nuestro equipo de trabajo est\u00e1 comprometido con la innovaci\u00f3n en el dise\u00f1o de muebles. Juntos, emprendemos con pasi\u00f3n para crear piezas \u00fanicas que transforman espacios y mejoran la calidad de vida de nuestros clientes. Cada proyecto es una oportunidad para fusionar creatividad y funcionalidad, ofreciendo soluciones que se adaptan a las necesidades de cada hogar y oficina.<\/span><\/p>\t\t\t\t\t\t\t\t<\/div>\n\t\t\t\t<\/div>\n\t\t\t\t\t<\/div>\n\t\t<\/div>\n\t\t\t\t\t<\/div>\n\t\t<\/section>\n\t\t\t\t<\/div>\n\t\t","protected":false},"excerpt":{"rendered":"<p>mobilia topurio misi\u00f3n Nuestra meta es convertirnos en la empresa pionera en el sector de muebles inteligentes, transformando la idea de mobiliario mediante el uso de tecnolog\u00eda avanzada. Aspiramos a que nuestros productos representen modernidad, personalizaci\u00f3n y sostenibilidad, mejorando la experiencia del usuario en cada espacio. visi\u00f3n Creamos y vendemos [&hellip;]<\/p>\n","protected":false},"author":2,"featured_media":0,"parent":0,"menu_order":0,"comment_status":"closed","ping_status":"closed","template":"page-templates\/template-pagebuilder-full-width.php","meta":{"_themeisle_gutenberg_block_has_review":false,"footnotes":""},"class_list":["post-216","page","type-page","status-publish","hentry"],"_links":{"self":[{"href":"https:\/\/mobilia4.4vlab.org\/index.php?rest_route=\/wp\/v2\/pages\/216","targetHints":{"allow":["GET"]}}],"collection":[{"href":"https:\/\/mobilia4.4vlab.org\/index.php?rest_route=\/wp\/v2\/pages"}],"about":[{"href":"https:\/\/mobilia4.4vlab.org\/index.php?rest_route=\/wp\/v2\/types\/page"}],"author":[{"embeddable":true,"href":"https:\/\/mobilia4.4vlab.org\/index.php?rest_route=\/wp\/v2\/users\/2"}],"replies":[{"embeddable":true,"href":"https:\/\/mobilia4.4vlab.org\/index.php?rest_route=%2Fwp%2Fv2%2Fcomments&post=216"}],"version-history":[{"count":19,"href":"https:\/\/mobilia4.4vlab.org\/index.php?rest_route=\/wp\/v2\/pages\/216\/revisions"}],"predecessor-version":[{"id":295,"href":"https:\/\/mobilia4.4vlab.org\/index.php?rest_route=\/wp\/v2\/pages\/216\/revisions\/295"}],"wp:attachment":[{"href":"https:\/\/mobilia4.4vlab.org\/index.php?rest_route=%2Fwp%2Fv2%2Fmedia&parent=216"}],"curies":[{"name":"wp","href":"https:\/\/api.w.org\/{rel}","templated":true}]}}