{"id":171,"date":"2025-03-10T09:24:28","date_gmt":"2025-03-10T08:24:28","guid":{"rendered":"https:\/\/mobilia4.4vlab.org\/?post_type=product&#038;p=171"},"modified":"2025-03-14T14:23:42","modified_gmt":"2025-03-14T13:23:42","slug":"ergoai-seat","status":"publish","type":"product","link":"https:\/\/mobilia4.4vlab.org\/?product=ergoai-seat","title":{"rendered":"ERGOAI SEAT"},"content":{"rendered":"<p><span class=\"OYPEnA font-feature-liga-off font-feature-clig-off font-feature-calt-off text-decoration-none text-strikethrough-none\">Ajuste ergon\u00f3mico inteligente, funci\u00f3n de calefacci\u00f3n\/enfriamiento y sensores de bienestar.<\/span><\/p>\n","protected":false},"excerpt":{"rendered":"<p>Ajuste ergon\u00f3mico inteligente, funci\u00f3n de calefacci\u00f3n\/enfriamiento y sensores de bienestar.<\/p>\n","protected":false},"featured_media":74,"comment_status":"open","ping_status":"closed","template":"","meta":{"_themeisle_gutenberg_block_has_review":false},"product_brand":[],"product_cat":[21],"product_tag":[],"class_list":{"0":"post-171","1":"product","2":"type-product","3":"status-publish","4":"has-post-thumbnail","6":"product_cat-sin-categorizar","8":"first","9":"instock","10":"taxable","11":"shipping-taxable","12":"purchasable","13":"product-type-simple"},"_links":{"self":[{"href":"https:\/\/mobilia4.4vlab.org\/index.php?rest_route=\/wp\/v2\/product\/171","targetHints":{"allow":["GET"]}}],"collection":[{"href":"https:\/\/mobilia4.4vlab.org\/index.php?rest_route=\/wp\/v2\/product"}],"about":[{"href":"https:\/\/mobilia4.4vlab.org\/index.php?rest_route=\/wp\/v2\/types\/product"}],"replies":[{"embeddable":true,"href":"https:\/\/mobilia4.4vlab.org\/index.php?rest_route=%2Fwp%2Fv2%2Fcomments&post=171"}],"wp:featuredmedia":[{"embeddable":true,"href":"https:\/\/mobilia4.4vlab.org\/index.php?rest_route=\/wp\/v2\/media\/74"}],"wp:attachment":[{"href":"https:\/\/mobilia4.4vlab.org\/index.php?rest_route=%2Fwp%2Fv2%2Fmedia&parent=171"}],"wp:term":[{"taxonomy":"product_brand","embeddable":true,"href":"https:\/\/mobilia4.4vlab.org\/index.php?rest_route=%2Fwp%2Fv2%2Fproduct_brand&post=171"},{"taxonomy":"product_cat","embeddable":true,"href":"https:\/\/mobilia4.4vlab.org\/index.php?rest_route=%2Fwp%2Fv2%2Fproduct_cat&post=171"},{"taxonomy":"product_tag","embeddable":true,"href":"https:\/\/mobilia4.4vlab.org\/index.php?rest_route=%2Fwp%2Fv2%2Fproduct_tag&post=171"}],"curies":[{"name":"wp","href":"https:\/\/api.w.org\/{rel}","templated":true}]}}