{"id":180,"date":"2025-03-12T12:25:43","date_gmt":"2025-03-12T11:25:43","guid":{"rendered":"https:\/\/mobilia4.4vlab.org\/?post_type=product&#038;p=180"},"modified":"2025-03-12T12:25:43","modified_gmt":"2025-03-12T11:25:43","slug":"luminoshelf","status":"publish","type":"product","link":"https:\/\/mobilia4.4vlab.org\/?product=luminoshelf","title":{"rendered":"LUMINOSHELF"},"content":{"rendered":"<p><span class=\"OYPEnA font-feature-liga-off font-feature-clig-off font-feature-calt-off text-decoration-none text-strikethrough-none\">Estanter\u00edas modulares digitales con iluminaci\u00f3n LED autom\u00e1tica, integraci\u00f3n con asistentes de voz y estantes m\u00f3viles controlados por app.<\/span><\/p>\n","protected":false},"excerpt":{"rendered":"<p>Estanter\u00edas modulares digitales con iluminaci\u00f3n LED autom\u00e1tica, integraci\u00f3n con asistentes de voz y estantes m\u00f3viles controlados por app.<\/p>\n","protected":false},"featured_media":196,"comment_status":"open","ping_status":"closed","template":"","meta":{"_themeisle_gutenberg_block_has_review":false},"product_brand":[],"product_cat":[21],"product_tag":[],"class_list":{"0":"post-180","1":"product","2":"type-product","3":"status-publish","4":"has-post-thumbnail","6":"product_cat-sin-categorizar","8":"first","9":"instock","10":"taxable","11":"shipping-taxable","12":"purchasable","13":"product-type-simple"},"_links":{"self":[{"href":"https:\/\/mobilia4.4vlab.org\/index.php?rest_route=\/wp\/v2\/product\/180","targetHints":{"allow":["GET"]}}],"collection":[{"href":"https:\/\/mobilia4.4vlab.org\/index.php?rest_route=\/wp\/v2\/product"}],"about":[{"href":"https:\/\/mobilia4.4vlab.org\/index.php?rest_route=\/wp\/v2\/types\/product"}],"replies":[{"embeddable":true,"href":"https:\/\/mobilia4.4vlab.org\/index.php?rest_route=%2Fwp%2Fv2%2Fcomments&post=180"}],"wp:featuredmedia":[{"embeddable":true,"href":"https:\/\/mobilia4.4vlab.org\/index.php?rest_route=\/wp\/v2\/media\/196"}],"wp:attachment":[{"href":"https:\/\/mobilia4.4vlab.org\/index.php?rest_route=%2Fwp%2Fv2%2Fmedia&parent=180"}],"wp:term":[{"taxonomy":"product_brand","embeddable":true,"href":"https:\/\/mobilia4.4vlab.org\/index.php?rest_route=%2Fwp%2Fv2%2Fproduct_brand&post=180"},{"taxonomy":"product_cat","embeddable":true,"href":"https:\/\/mobilia4.4vlab.org\/index.php?rest_route=%2Fwp%2Fv2%2Fproduct_cat&post=180"},{"taxonomy":"product_tag","embeddable":true,"href":"https:\/\/mobilia4.4vlab.org\/index.php?rest_route=%2Fwp%2Fv2%2Fproduct_tag&post=180"}],"curies":[{"name":"wp","href":"https:\/\/api.w.org\/{rel}","templated":true}]}}